{"id":912,"date":"2024-04-29T16:28:54","date_gmt":"2024-04-29T16:28:54","guid":{"rendered":"https:\/\/tlcacademies.unitybeta.site\/?page_id=912"},"modified":"2024-07-23T15:28:48","modified_gmt":"2024-07-23T15:28:48","slug":"accessibility","status":"publish","type":"page","link":"https:\/\/tlcacademies.com\/es\/accessibility\/","title":{"rendered":"Accesibilidad"},"content":{"rendered":"<h1>\n\t\tVisi\u00f3n, Misi\u00f3n y Valores\n\t<\/h1>\n\t<p>TLC Leadership Academies se compromete a proporcionar un sitio web que sea accesible para todos.<\/p>\n<p>Este sitio web se esfuerza por cumplir con el nivel AA de las Pautas de accesibilidad al contenido web (WCAG) 2.2 y ha sido probado con tecnolog\u00edas de asistencia, incluidos analizadores de contraste de color, navegaci\u00f3n con teclado y una herramienta de evaluaci\u00f3n de accesibilidad del sitio web. Tambi\u00e9n hemos considerado cuestiones de usabilidad, yendo m\u00e1s all\u00e1 de los est\u00e1ndares m\u00ednimos de accesibilidad.<\/p>\n<p>Buscamos continuamente mejorar nuestro sitio web y nos comprometemos a hacerlo lo m\u00e1s accesible posible.<\/p>\n<p>Agradecemos cualquier comentario sobre la accesibilidad de este sitio web: <a href=\"mailto:info@TheLincolnCenter.com\">Cont\u00e1ctenos<\/a><\/p>","protected":false},"excerpt":{"rendered":"<p>Visi\u00f3n, misi\u00f3n y valores TLC Leadership Academies se compromete a proporcionar un sitio web que sea accesible para todos. Este sitio web se esfuerza por cumplir con el Nivel AA de las Pautas de Accesibilidad al Contenido Web (WCAG) 2.2 y ha sido probado con tecnolog\u00edas de asistencia, incluidos analizadores de contraste de color, navegaci\u00f3n con teclado y una herramienta de evaluaci\u00f3n de accesibilidad del sitio web. Tambi\u00e9n hemos\u2026<\/p>","protected":false},"author":1,"featured_media":0,"parent":0,"menu_order":0,"comment_status":"closed","ping_status":"closed","template":"","meta":{"_acf_changed":false,"content-type":"","footnotes":""},"class_list":["post-912","page","type-page","status-publish","hentry"],"acf":[],"_links":{"self":[{"href":"https:\/\/tlcacademies.com\/es\/wp-json\/wp\/v2\/pages\/912","targetHints":{"allow":["GET"]}}],"collection":[{"href":"https:\/\/tlcacademies.com\/es\/wp-json\/wp\/v2\/pages"}],"about":[{"href":"https:\/\/tlcacademies.com\/es\/wp-json\/wp\/v2\/types\/page"}],"author":[{"embeddable":true,"href":"https:\/\/tlcacademies.com\/es\/wp-json\/wp\/v2\/users\/1"}],"replies":[{"embeddable":true,"href":"https:\/\/tlcacademies.com\/es\/wp-json\/wp\/v2\/comments?post=912"}],"version-history":[{"count":0,"href":"https:\/\/tlcacademies.com\/es\/wp-json\/wp\/v2\/pages\/912\/revisions"}],"wp:attachment":[{"href":"https:\/\/tlcacademies.com\/es\/wp-json\/wp\/v2\/media?parent=912"}],"curies":[{"name":"wp","href":"https:\/\/api.w.org\/{rel}","templated":true}]}}