{"id":763,"date":"2024-04-26T20:10:29","date_gmt":"2024-04-26T20:10:29","guid":{"rendered":"https:\/\/tlcacademies.unitybeta.site\/?page_id=763"},"modified":"2025-06-19T10:21:07","modified_gmt":"2025-06-19T15:21:07","slug":"resources","status":"publish","type":"page","link":"https:\/\/tlcacademies.com\/es\/resources\/","title":{"rendered":"Recursos"},"content":{"rendered":"<h1>\n\t\tVisi\u00f3n, Misi\u00f3n y Valores\n\t<\/h1>\n<h2>\n\t\tUn modelo propuesto para la educaci\u00f3n transformacional\n\t<\/h2>\n\t<p>El modelo de Educaci\u00f3n Transformacional\u00ae de TLC se deriva de la teor\u00eda del liderazgo transformacional, que tiene una base de investigaci\u00f3n muy s\u00f3lida en las ciencias sociales y en la educaci\u00f3n en particular. El modelo de Educaci\u00f3n Transformacional descrito en este documento conceptual se distingue por su enfoque de aplicaci\u00f3n del liderazgo transformacional a los docentes, describiendo los medios por los cuales los docentes benefician a los estudiantes en un contexto escolar y de aula de apoyo.<\/p>\n\t\t\t<a href=\"https:\/\/thelincolncent.wpenginepowered.com\/wp-content\/uploads\/2024\/07\/ELR-Vol-21-Issue-1-A-proposed-model-for-transformational-education.pdf\" target=\"_self\" rel=\"noopener\">\n\t\t\t\t\t\t\tDescargar\n\t\t\t\t\t<\/a>\n\t\t\t\t<img loading=\"lazy\" decoding=\"async\" src=\"https:\/\/thelincolncent.wpenginepowered.com\/wp-content\/uploads\/2024\/04\/Community-in-Educational-Settings_1080x675-1024x640-1.png\" alt=\"A black woman teacher smiles as she responds to an enthusiastic room of children.\" itemprop=\"image\" height=\"640\" width=\"1024\" title=\"Comunidad-en-entornos-educativos_1080x675-1024x640\" onerror=\"this.style.display='none'\"  \/>","protected":false},"excerpt":{"rendered":"<p>Visi\u00f3n, misi\u00f3n y valores Un modelo propuesto para la educaci\u00f3n transformacional El modelo de Educaci\u00f3n Transformacional\u00ae de TLC se deriva de la teor\u00eda del liderazgo transformacional, que tiene una base de investigaci\u00f3n muy s\u00f3lida en las ciencias sociales y en la educaci\u00f3n en particular. El modelo de Educaci\u00f3n Transformacional descrito en este documento conceptual se distingue por su enfoque para aplicar el liderazgo transformacional a\u2026<\/p>","protected":false},"author":1,"featured_media":0,"parent":0,"menu_order":0,"comment_status":"closed","ping_status":"closed","template":"","meta":{"_acf_changed":false,"content-type":"","footnotes":""},"class_list":["post-763","page","type-page","status-publish","hentry"],"acf":[],"_links":{"self":[{"href":"https:\/\/tlcacademies.com\/es\/wp-json\/wp\/v2\/pages\/763","targetHints":{"allow":["GET"]}}],"collection":[{"href":"https:\/\/tlcacademies.com\/es\/wp-json\/wp\/v2\/pages"}],"about":[{"href":"https:\/\/tlcacademies.com\/es\/wp-json\/wp\/v2\/types\/page"}],"author":[{"embeddable":true,"href":"https:\/\/tlcacademies.com\/es\/wp-json\/wp\/v2\/users\/1"}],"replies":[{"embeddable":true,"href":"https:\/\/tlcacademies.com\/es\/wp-json\/wp\/v2\/comments?post=763"}],"version-history":[{"count":0,"href":"https:\/\/tlcacademies.com\/es\/wp-json\/wp\/v2\/pages\/763\/revisions"}],"wp:attachment":[{"href":"https:\/\/tlcacademies.com\/es\/wp-json\/wp\/v2\/media?parent=763"}],"curies":[{"name":"wp","href":"https:\/\/api.w.org\/{rel}","templated":true}]}}