{"id":1413,"date":"2024-07-24T21:14:41","date_gmt":"2024-07-24T21:14:41","guid":{"rendered":"https:\/\/tlcacademies.unitybeta.site\/?page_id=1413"},"modified":"2024-08-27T12:01:18","modified_gmt":"2024-08-27T17:01:18","slug":"faqs","status":"publish","type":"page","link":"https:\/\/tlcacademies.com\/es\/faqs\/","title":{"rendered":"Preguntas frecuentes"},"content":{"rendered":"<h1>\n\t\tVisi\u00f3n, Misi\u00f3n y Valores\n\t<\/h1>\n                                            <button id=\"-trigger-0\" aria-expanded=\"false\" aria-controls=\"-panel-0\">\n                    \u00bfCu\u00e1nto cuesta asistir?                    \n                <\/button>\n                    <p>La matr\u00edcula de las escuelas privadas para los tres programas la paga el distrito. Para el programa Connections @ Audubon, tambi\u00e9n se ofrece una opci\u00f3n de pago privado.<\/p>\n                                            <button id=\"-trigger-1\" aria-expanded=\"false\" aria-controls=\"-panel-1\">\n                    \u00bfQui\u00e9n puede asistir a la escuela?                    \n                <\/button>\n                    <p>En el caso de la matr\u00edcula pagada por el distrito, cualquier estudiante de 7.\u00ba a 12.\u00ba grado que est\u00e9 aprobado por su distrito escolar local puede asistir a la escuela. En el caso de la matr\u00edcula pagada por instituciones privadas, cualquier estudiante de 7.\u00ba a 12.\u00ba grado en Pensilvania puede asistir a la escuela.<\/p>\n                                            <button id=\"-trigger-2\" aria-expanded=\"false\" aria-controls=\"-panel-2\">\n                    \u00bfEst\u00e1 acreditada la escuela?                    \n                <\/button>\n                    <p>S\u00ed, las academias TLC est\u00e1n acreditadas. La academia privada TLC @Audubon est\u00e1 acreditada por la Comisi\u00f3n de Escuelas Primarias y Secundarias de la Asociaci\u00f3n de los Estados del Medio (MSA-CESS).<\/p>\n                                            <button id=\"-trigger-3\" aria-expanded=\"false\" aria-controls=\"-panel-3\">\n                    \u00bfDonde est\u00e1 ubicada la escuela?                    \n                <\/button>\n                    <p>The Academy @Audubon y Choices @ Norristown est\u00e1n ubicadas en 1100 Adams Ave en Audubon, PA. The Choices @ Coatesville est\u00e1 ubicada en 2650 Eisenhower Ave en Audubon, PA.<\/p>\n                                            <button id=\"-trigger-4\" aria-expanded=\"false\" aria-controls=\"-panel-4\">\n                    \u00bfOfrecen transporte?                    \n                <\/button>\n                    <p>Los distritos escolares brindan transporte a los estudiantes de los programas Connections @ Audubon y Choices @ Norristown. TLC Leadership Academy brinda transporte a los estudiantes del programa Choices @ Coatesville.<\/p>\n                                            <button id=\"-trigger-5\" aria-expanded=\"false\" aria-controls=\"-panel-5\">\n                    \u00bfQu\u00e9 tipo de curr\u00edculo se ense\u00f1a?                    \n                <\/button>\n                    <p>La escuela pone \u00e9nfasis en la educaci\u00f3n STEAM en todos los niveles. Esto incluye un plan de estudios integral de inform\u00e1tica, un profesor STEAM dedicado y un aprendizaje basado en proyectos que dota a los estudiantes de los conocimientos y las habilidades para resolver problemas del siglo XXI mientras desarrollan fluidez en ciencia, tecnolog\u00eda, ingenier\u00eda, arte y matem\u00e1ticas.<\/p>\n                                            <button id=\"-trigger-6\" aria-expanded=\"false\" aria-controls=\"-panel-6\">\n                    \u00bfQu\u00e9 es el aprendizaje basado en proyectos?                    \n                <\/button>\n                    <p>El aprendizaje basado en proyectos es un enfoque centrado en el estudiante en el que los estudiantes aprenden sobre un tema trabajando en grupos para resolver problemas del mundo real.<\/p>\n                                            <button id=\"-trigger-7\" aria-expanded=\"false\" aria-controls=\"-panel-7\">\n                    \u00bfTiene entrenadores y consejeros en el campus?                    \n                <\/button>\n                    <p>\u00a1S\u00ed! El aprendizaje socioemocional est\u00e1 integrado en cada d\u00eda. Ofrecemos coaching de vida (individual y grupal), planificaci\u00f3n integral de la carrera universitaria y profesional, as\u00ed como asesoramiento para aquellos estudiantes que necesitan apoyo adicional.<\/p>\n                                            <button id=\"-trigger-8\" aria-expanded=\"false\" aria-controls=\"-panel-8\">\n                    \u00bfAceptan estudiantes con IEP \/ ELL?                    \n                <\/button>\n                    <p>\u00a1S\u00ed! TLC acepta a todos los estudiantes y no discrimina por discapacidad o dominio del idioma ingl\u00e9s. Inscribimos y brindamos servicios educativos a estudiantes de educaci\u00f3n especial y estudiantes de ingl\u00e9s.<\/p>\n                                            <button id=\"-trigger-9\" aria-expanded=\"false\" aria-controls=\"-panel-9\">\n                    \u00bfSe ofrecen deportes?                    \n                <\/button>\n                    <p>Los estudiantes pueden participar en actividades deportivas que ofrece su distrito escolar local. TLC Leadership Academy ofrece actividades recreativas f\u00edsicas como correr, entrenamiento de fuerza, yoga y atenci\u00f3n plena.<\/p>\n                                            <button id=\"-trigger-10\" aria-expanded=\"false\" aria-controls=\"-panel-10\">\n                    \u00bfCu\u00e1l es la proporci\u00f3n de personal por estudiante?                    \n                <\/button>\n                    <p>Ofrecemos clases con tama\u00f1os reducidos con una proporci\u00f3n de personal por estudiante de 1:12.<\/p>\n                                            <button id=\"-trigger-11\" aria-expanded=\"false\" aria-controls=\"-panel-11\">\n                    \u00bfC\u00f3mo inscribo a mi(s) hijo(s)?                    \n                <\/button>\n                    <p>Aceptamos estudiantes en los tres programas. Complete un formulario de inter\u00e9s por separado para cada ni\u00f1o que desee inscribir. Completar este formulario no garantiza la admisi\u00f3n.<\/p>\n<h2>\n\t\t\u00bfInteresado?\n\t<\/h2>\n\t<p>Si desea obtener m\u00e1s informaci\u00f3n sobre TLC Leadership Academies, env\u00ede un formulario de inter\u00e9s o env\u00edenos un correo electr\u00f3nico a <a href=\"mailto:info@TheLincolnCenter.com\">info@TheLincolnCenter.com<\/a>.<\/p>\n\t\t\t<a href=\"https:\/\/thelincolncent.wpenginepowered.com\/connections-audubon\/\" target=\"_self\" rel=\"noopener\">\n\t\t\t\t\t\tConexiones @ Audubon\n\t\t\t\t\t<\/a>\n\t\t\t<a href=\"https:\/\/thelincolncent.wpenginepowered.com\/choices-audubon\/\" target=\"_self\" rel=\"noopener\">\n\t\t\t\t\t\tOpciones @ Audubon\n\t\t\t\t\t<\/a>\n\t\t\t<a href=\"https:\/\/thelincolncent.wpenginepowered.com\/choices-coatesville\/\" target=\"_self\" rel=\"noopener\">\n\t\t\t\t\t\tOpciones @ Coatesville\n\t\t\t\t\t<\/a>\n\t\t\t<a href=\"https:\/\/thelincolncent.wpenginepowered.com\/choices-norristown\/\" target=\"_self\" rel=\"noopener\">\n\t\t\t\t\t\tOpciones @ Norristown\n\t\t\t\t\t<\/a>","protected":false},"excerpt":{"rendered":"<p>Visi\u00f3n, misi\u00f3n y valores \u00bfCu\u00e1nto cuesta asistir? La matr\u00edcula de la escuela privada para los tres programas la paga el distrito. Para el programa Connections @ Audubon, tambi\u00e9n se ofrece una opci\u00f3n de pago privado. \u00bfQui\u00e9n puede asistir a la escuela? Para la matr\u00edcula pagada por el distrito, cualquier estudiante de los grados 7 a 12 que sea aprobado por su hogar\u2026<\/p>","protected":false},"author":1,"featured_media":0,"parent":0,"menu_order":0,"comment_status":"closed","ping_status":"closed","template":"","meta":{"_acf_changed":false,"content-type":"","footnotes":""},"class_list":["post-1413","page","type-page","status-publish","hentry"],"acf":[],"_links":{"self":[{"href":"https:\/\/tlcacademies.com\/es\/wp-json\/wp\/v2\/pages\/1413","targetHints":{"allow":["GET"]}}],"collection":[{"href":"https:\/\/tlcacademies.com\/es\/wp-json\/wp\/v2\/pages"}],"about":[{"href":"https:\/\/tlcacademies.com\/es\/wp-json\/wp\/v2\/types\/page"}],"author":[{"embeddable":true,"href":"https:\/\/tlcacademies.com\/es\/wp-json\/wp\/v2\/users\/1"}],"replies":[{"embeddable":true,"href":"https:\/\/tlcacademies.com\/es\/wp-json\/wp\/v2\/comments?post=1413"}],"version-history":[{"count":0,"href":"https:\/\/tlcacademies.com\/es\/wp-json\/wp\/v2\/pages\/1413\/revisions"}],"wp:attachment":[{"href":"https:\/\/tlcacademies.com\/es\/wp-json\/wp\/v2\/media?parent=1413"}],"curies":[{"name":"wp","href":"https:\/\/api.w.org\/{rel}","templated":true}]}}