{"id":1121,"date":"2024-06-12T15:37:58","date_gmt":"2024-06-12T15:37:58","guid":{"rendered":"https:\/\/tlcacademies.unitybeta.site\/?page_id=1121"},"modified":"2024-08-20T20:26:56","modified_gmt":"2024-08-20T20:26:56","slug":"trauma-informed-approach","status":"publish","type":"page","link":"https:\/\/tlcacademies.com\/es\/trauma-informed-approach\/","title":{"rendered":"Enfoque informado sobre el trauma"},"content":{"rendered":"<img loading=\"lazy\" decoding=\"async\" src=\"https:\/\/thelincolncent.wpenginepowered.com\/wp-content\/uploads\/2024\/08\/Trauma-Informed-Approach.svg\" alt=\"Trauma-Informed Approach\" itemprop=\"image\" height=\"431\" width=\"432\" title=\"Enfoque informado sobre el trauma\" onerror=\"this.style.display='none'\"  \/>\n<h1>\n\t\tPr\u00e1cticas basadas en evidencia\n\t<\/h1>\n\t<p>En TLC Leadership, consideramos que es arriesgado suponer que un ni\u00f1o no ha experimentado un trauma. Las experiencias adversas en la infancia (ACE, por sus siglas en ingl\u00e9s) son comunes y, a menudo, invisibles. Todo el personal de TLC Leadership, desde el aula hasta la sala de m\u00fasica y la oficina principal, est\u00e1 capacitado en educaci\u00f3n transformacional y ense\u00f1anza basada en el trauma.<\/p>\n<p>Suponemos que todos se benefician de las pr\u00e1cticas SEL e informadas sobre el trauma y que todos los maestros y el personal deben ser h\u00e1biles para desarrollar relaciones afectivas, establecer l\u00edmites apropiados, trabajar para desarrollar habilidades cr\u00edticas como la autoconciencia, la autorregulaci\u00f3n, la empat\u00eda y la capacidad de fomentar un entorno de aprendizaje en el que la apertura, el trabajo en equipo y la cooperaci\u00f3n sean posibles.<\/p>\n\t\t\t\t<img loading=\"lazy\" decoding=\"async\" src=\"https:\/\/thelincolncent.wpenginepowered.com\/wp-content\/uploads\/2024\/08\/shutterstock_434172946.jpg\" alt=\"Teenage,Student,Being,Told,Off,By,His,Teacher,At,School.\" itemprop=\"image\" height=\"667\" width=\"1000\" title=\"Un adolescente estudiante es rega\u00f1ado por su profesor en la escuela.\" onerror=\"this.style.display='none'\"  \/>\n\t\t\t\t<img loading=\"lazy\" decoding=\"async\" src=\"https:\/\/thelincolncent.wpenginepowered.com\/wp-content\/uploads\/2024\/08\/shutterstock_2169268343-1.jpg\" alt=\"African,American,Psychologist,Listening,To,Teenage,Boy,And,Making,Notes,\" itemprop=\"image\" height=\"667\" width=\"1000\" title=\"Psic\u00f3logo afroamericano escuchando a un adolescente y tomando notas\" onerror=\"this.style.display='none'\"  \/>\n\t<p>En TLC Leadership, consideramos que es arriesgado suponer que un ni\u00f1o no ha experimentado un trauma. Las experiencias adversas en la infancia (ACE, por sus siglas en ingl\u00e9s) son comunes y, a menudo, invisibles. Todo el personal de TLC Leadership, desde el aula hasta la sala de m\u00fasica y la oficina principal, est\u00e1 capacitado en educaci\u00f3n transformacional y ense\u00f1anza basada en el trauma.<\/p>\n<p>Suponemos que todos se benefician de las pr\u00e1cticas SEL e informadas sobre el trauma y que todos los maestros y el personal deben ser h\u00e1biles para desarrollar relaciones afectivas, establecer l\u00edmites apropiados, trabajar para desarrollar habilidades cr\u00edticas como la autoconciencia, la autorregulaci\u00f3n, la empat\u00eda y la capacidad de fomentar un entorno de aprendizaje en el que la apertura, el trabajo en equipo y la cooperaci\u00f3n sean posibles.<\/p>\n<h2>\n\t\t\u00bfInteresado?\n\t<\/h2>\n\t<p>Si desea obtener m\u00e1s informaci\u00f3n sobre TLC Leadership Academies, env\u00ede un formulario de inter\u00e9s o env\u00edenos un correo electr\u00f3nico a <a href=\"mailto:info@TheLincolnCenter.com\">info@TheLincolnCenter.com<\/a>.<\/p>\n\t\t\t<a href=\"https:\/\/thelincolncent.wpenginepowered.com\/connections-audubon\/\" target=\"_self\" rel=\"noopener\">\n\t\t\t\t\t\tConexiones @ Audubon\n\t\t\t\t\t<\/a>\n\t\t\t<a href=\"https:\/\/thelincolncent.wpenginepowered.com\/choices-audubon\/\" target=\"_self\" rel=\"noopener\">\n\t\t\t\t\t\tOpciones @ Audubon\n\t\t\t\t\t<\/a>\n\t\t\t<a href=\"https:\/\/thelincolncent.wpenginepowered.com\/choices-coatesville\/\" target=\"_self\" rel=\"noopener\">\n\t\t\t\t\t\tOpciones @ Coatesville\n\t\t\t\t\t<\/a>\n\t\t\t<a href=\"https:\/\/thelincolncent.wpenginepowered.com\/choices-norristown\/\" target=\"_self\" rel=\"noopener\">\n\t\t\t\t\t\tOpciones @ Norristown\n\t\t\t\t\t<\/a>","protected":false},"excerpt":{"rendered":"<p>Pr\u00e1cticas basadas en evidencia En TLC Leadership, adoptamos la postura de que es arriesgado asumir que un ni\u00f1o no ha experimentado un trauma. Las experiencias adversas en la ni\u00f1ez (ACE, por sus siglas en ingl\u00e9s) son comunes y, a menudo, invisibles. Todo el personal de TLC Leadership, desde el aula hasta la sala de m\u00fasica y la oficina principal, est\u00e1 capacitado en educaci\u00f3n transformacional y tratamiento del trauma\u2026<\/p>","protected":false},"author":1,"featured_media":0,"parent":0,"menu_order":0,"comment_status":"closed","ping_status":"closed","template":"","meta":{"_acf_changed":false,"content-type":"","footnotes":""},"class_list":["post-1121","page","type-page","status-publish","hentry"],"acf":[],"_links":{"self":[{"href":"https:\/\/tlcacademies.com\/es\/wp-json\/wp\/v2\/pages\/1121","targetHints":{"allow":["GET"]}}],"collection":[{"href":"https:\/\/tlcacademies.com\/es\/wp-json\/wp\/v2\/pages"}],"about":[{"href":"https:\/\/tlcacademies.com\/es\/wp-json\/wp\/v2\/types\/page"}],"author":[{"embeddable":true,"href":"https:\/\/tlcacademies.com\/es\/wp-json\/wp\/v2\/users\/1"}],"replies":[{"embeddable":true,"href":"https:\/\/tlcacademies.com\/es\/wp-json\/wp\/v2\/comments?post=1121"}],"version-history":[{"count":0,"href":"https:\/\/tlcacademies.com\/es\/wp-json\/wp\/v2\/pages\/1121\/revisions"}],"wp:attachment":[{"href":"https:\/\/tlcacademies.com\/es\/wp-json\/wp\/v2\/media?parent=1121"}],"curies":[{"name":"wp","href":"https:\/\/api.w.org\/{rel}","templated":true}]}}