{"id":1117,"date":"2024-06-12T15:37:35","date_gmt":"2024-06-12T15:37:35","guid":{"rendered":"https:\/\/tlcacademies.unitybeta.site\/?page_id=1117"},"modified":"2024-08-20T20:23:09","modified_gmt":"2024-08-20T20:23:09","slug":"tlc-transformational-education","status":"publish","type":"page","link":"https:\/\/tlcacademies.com\/es\/tlc-transformational-education\/","title":{"rendered":"TLC Educaci\u00f3n Transformacional\u00ae"},"content":{"rendered":"<img loading=\"lazy\" decoding=\"async\" src=\"https:\/\/thelincolncent.wpenginepowered.com\/wp-content\/uploads\/2024\/08\/Tranformational-Education-v2.svg\" alt=\"\" itemprop=\"image\" height=\"576\" width=\"576\" onerror=\"this.style.display='none'\"  \/>\n<h1>\n\t\tPr\u00e1cticas basadas en evidencia\n\t<\/h1>\n\t<p>El modelo de Educaci\u00f3n Transformacional\u00ae de TLC se deriva de la teor\u00eda del liderazgo transformacional, que tiene una base de investigaci\u00f3n muy s\u00f3lida en las ciencias sociales y en la educaci\u00f3n particularmente.<\/p>\n<p>El trabajo de TLC durante la \u00faltima d\u00e9cada ha tomado los principios del liderazgo transformacional y los ha aplicado al contexto de K12 para comprender su potencial como herramienta transformacional dentro del contexto del aula, es decir, en los intercambios de aprendizaje organizacional entre los maestros y sus estudiantes. En este modelo, los maestros se posicionan como l\u00edderes y la voz de los estudiantes es central.<\/p>\n\t\t\t\t<img loading=\"lazy\" decoding=\"async\" src=\"https:\/\/thelincolncent.wpenginepowered.com\/wp-content\/uploads\/2024\/08\/shutterstock_2177001481.jpg\" alt=\"Teenage,Students,Wearing,Virtual,Reality,Goggles,At,School,In,Computer\" itemprop=\"image\" height=\"646\" width=\"1000\" title=\"Adolescentes, estudiantes, con gafas de realidad virtual, en la escuela, en la computadora\" onerror=\"this.style.display='none'\"  \/>\n\t\t\t\t<img loading=\"lazy\" decoding=\"async\" src=\"https:\/\/thelincolncent.wpenginepowered.com\/wp-content\/uploads\/2024\/04\/transformational-tlc.jpg\" alt=\"An illustration on how teacher behaviors, student wellness and student performance are connected.\" itemprop=\"image\" height=\"1012\" width=\"1305\" onerror=\"this.style.display='none'\"  \/>\n\t<p>El modelo de Educaci\u00f3n Transformacional TLC\u00ae ilustra una relaci\u00f3n hol\u00edstica y rec\u00edproca entre las conductas de los docentes y los resultados de los estudiantes, moderada por las variables del clima escolar y mediada por la autoeficacia de los estudiantes, la conexi\u00f3n escolar y el bienestar socioemocional.<\/p>\n<p>El modelo postula que las conductas de los docentes, basadas en los valores fundamentales antes mencionados, conducen a una mayor conexi\u00f3n, autoeficacia y bienestar socioemocional de los estudiantes, lo que a su vez conduce al desempe\u00f1o acad\u00e9mico, la participaci\u00f3n y las conductas prosociales. Adem\u00e1s, la relaci\u00f3n entre estas conductas de los docentes y los resultados de los estudiantes se fortalece mediante una cultura escolar de apoyo, amabilidad y orientaci\u00f3n est\u00e9tica.<\/p>\n<h2>\n\t\t\u00bfInteresado?\n\t<\/h2>\n\t<p>Si desea obtener m\u00e1s informaci\u00f3n sobre TLC Leadership Academies, env\u00ede un formulario de inter\u00e9s o env\u00edenos un correo electr\u00f3nico a <a href=\"mailto:info@TheLincolnCenter.com\">info@TheLincolnCenter.com<\/a>.<\/p>\n\t\t\t<a href=\"https:\/\/thelincolncent.wpenginepowered.com\/connections-audubon\/\" target=\"_self\" rel=\"noopener\">\n\t\t\t\t\t\tConexiones @ Audubon\n\t\t\t\t\t<\/a>\n\t\t\t<a href=\"https:\/\/thelincolncent.wpenginepowered.com\/choices-audubon\/\" target=\"_self\" rel=\"noopener\">\n\t\t\t\t\t\tOpciones @ Audubon\n\t\t\t\t\t<\/a>\n\t\t\t<a href=\"https:\/\/thelincolncent.wpenginepowered.com\/choices-coatesville\/\" target=\"_self\" rel=\"noopener\">\n\t\t\t\t\t\tOpciones @ Coatesville\n\t\t\t\t\t<\/a>\n\t\t\t<a href=\"https:\/\/thelincolncent.wpenginepowered.com\/choices-norristown\/\" target=\"_self\" rel=\"noopener\">\n\t\t\t\t\t\tOpciones @ Norristown\n\t\t\t\t\t<\/a>","protected":false},"excerpt":{"rendered":"<p>Pr\u00e1cticas basadas en evidencia El modelo de Educaci\u00f3n Transformacional\u00ae de TLC se deriva de la teor\u00eda del liderazgo transformacional, que tiene una base de investigaci\u00f3n muy s\u00f3lida en las ciencias sociales y en la educaci\u00f3n en particular. El trabajo de TLC durante la \u00faltima d\u00e9cada ha tomado los principios del liderazgo transformacional y los ha aplicado al contexto K12 para comprender su potencial como un modelo transformacional\u2026<\/p>","protected":false},"author":1,"featured_media":0,"parent":0,"menu_order":0,"comment_status":"closed","ping_status":"closed","template":"","meta":{"_acf_changed":false,"content-type":"","footnotes":""},"class_list":["post-1117","page","type-page","status-publish","hentry"],"acf":[],"_links":{"self":[{"href":"https:\/\/tlcacademies.com\/es\/wp-json\/wp\/v2\/pages\/1117","targetHints":{"allow":["GET"]}}],"collection":[{"href":"https:\/\/tlcacademies.com\/es\/wp-json\/wp\/v2\/pages"}],"about":[{"href":"https:\/\/tlcacademies.com\/es\/wp-json\/wp\/v2\/types\/page"}],"author":[{"embeddable":true,"href":"https:\/\/tlcacademies.com\/es\/wp-json\/wp\/v2\/users\/1"}],"replies":[{"embeddable":true,"href":"https:\/\/tlcacademies.com\/es\/wp-json\/wp\/v2\/comments?post=1117"}],"version-history":[{"count":0,"href":"https:\/\/tlcacademies.com\/es\/wp-json\/wp\/v2\/pages\/1117\/revisions"}],"wp:attachment":[{"href":"https:\/\/tlcacademies.com\/es\/wp-json\/wp\/v2\/media?parent=1117"}],"curies":[{"name":"wp","href":"https:\/\/api.w.org\/{rel}","templated":true}]}}