{"id":1087,"date":"2024-06-12T14:06:17","date_gmt":"2024-06-12T14:06:17","guid":{"rendered":"https:\/\/tlcacademies.unitybeta.site\/?page_id=1087"},"modified":"2025-11-18T08:43:42","modified_gmt":"2025-11-18T14:43:42","slug":"home-2","status":"publish","type":"page","link":"https:\/\/tlcacademies.com\/es\/","title":{"rendered":"Hogar"},"content":{"rendered":"<h1>\n\t\t\tPotenciamos el desarrollo y el crecimiento de los estudiantes a trav\u00e9s de elecciones positivas y conexiones significativas.\t<\/h1>\n\t\t\t\t<img decoding=\"async\" src=\"https:\/\/thelincolncent.wpenginepowered.com\/wp-content\/uploads\/2024\/08\/shutterstock_1606646032.jpg\" alt=\"Female,Brunette,Latino,College,Or,High,School,Graduate,Smiling,Confidently\" itemprop=\"image\" title=\"Mujer, morena, latina, universitaria o de secundaria, graduada, sonriente, con confianza\" onerror=\"this.style.display='none'\" loading=\"lazy\" \/>\n\t<h2>Acerca de nuestras escuelas<\/h2>\n<p>Las Academias de Liderazgo TLC abarcan una red din\u00e1mica de escuelas y programas, incluidas escuelas acad\u00e9micas privadas acreditadas y autorizadas (LPAS) y programas escolares especializados, que brindan soluciones personalizadas en entornos peque\u00f1os y de apoyo para estudiantes que pueden no estar teniendo \u00e9xito en su ubicaci\u00f3n actual.<\/p>\n<p>Si bien algunas de nuestras escuelas, como los programas Multi-District Connections y Choices de TLC, prestan servicios a varios distritos, otras est\u00e1n dise\u00f1adas para distritos espec\u00edficos, como Choices @ Norristown, Choices @ Coatesville y Connections @ Chester Upland.\u00a0<\/p>\n<p>Nuestras academias est\u00e1n dedicadas a mantener altos est\u00e1ndares acad\u00e9micos en un entorno escolar peque\u00f1o y seguro, priorizando tanto la excelencia acad\u00e9mica como el desarrollo socioemocional, con un fuerte enfoque en el liderazgo y las habilidades sociales.<\/p>\n<h2>\n\t\t\tProgramaci\u00f3n Acad\u00e9mica\t<\/h2>\n\t<p>Implementando el modelo de Educaci\u00f3n Transformacional\u00ae de TLC, ofrecemos planes de \u00e9xito individualizados para los estudiantes en clases peque\u00f1as (proporci\u00f3n de 12 estudiantes por docente). Nuestro riguroso plan de estudios acad\u00e9mico est\u00e1 alineado con los est\u00e1ndares estatales e incorpora oportunidades de aprendizaje pr\u00e1ctico y m\u00e9todos de aprendizaje basados en proyectos. Nuestras instalaciones de \u00faltima generaci\u00f3n incluyen laboratorios de aprendizaje para que los estudiantes utilicen en un entorno din\u00e1mico de Ciencia, Tecnolog\u00eda, Ingenier\u00eda, Artes y Matem\u00e1ticas (STEAM).<\/p>\n<h2>\n\t\t\tCoaching &#038; Counseling\t<\/h2>\n\t<p>Al brindar capacitaci\u00f3n en liderazgo, as\u00ed como asesoramiento individual y grupal, nuestra programaci\u00f3n ofrece oportunidades y herramientas para que los estudiantes desarrollen habilidades de liderazgo, resoluci\u00f3n de problemas y pensamiento estrat\u00e9gico. Los consejeros promueven un clima que fomenta la integridad, la honestidad, la comunicaci\u00f3n y la motivaci\u00f3n. Nos esforzamos por inculcar confianza en s\u00ed mismos e impulsar a nuestros estudiantes para que puedan alcanzar su m\u00e1ximo potencial.<\/p>\n<h2>\n\t\t\tCollege &#038; Career Readiness\t<\/h2>\n\t<p>Nuestro exclusivo programa de asesoramiento educativo est\u00e1 dise\u00f1ado para inspirar, motivar y educar a los estudiantes en las habilidades del siglo XXI. Integramos un plan de estudios de liderazgo junto con nuestras clases b\u00e1sicas y ofrecemos asesoramiento universitario y profesional integral. Tambi\u00e9n hay oportunidades de aprendizaje disponibles para estudiantes de secundaria que desean una trayectoria profesional de alta calidad.<\/p>\n<h2>\n\t\t\tParticipaci\u00f3n de la comunidad\t<\/h2>\n\t<p>Conectarse con la comunidad proporciona a los estudiantes valiosas experiencias de aprendizaje cultural. Ofrecemos frecuentes oportunidades de aprendizaje-servicio fuera del campus para ayudar a los estudiantes a desarrollar habilidades de empat\u00eda y pensamiento cr\u00edtico mientras abordan necesidades genuinas de la comunidad.<\/p>\n<h2>\n\t\t\tAcademias de liderazgo TLC\t<\/h2>\n\t<p>Partnering with school districts to provide students with personalized solutions in small, supportive environments.<\/p>\n<h2>\n\t\t\tProgramas de las Academias TLC\t<\/h2>\n<h3>\n\t\t\tProgramas multidistritales de las Academias TLC\t<\/h3>\n\t<h3>Conexiones @ Audubon<\/h3>\n<p>Un programa escolar privado multidistrital en Audubon, PA<\/p>\n\t<h3>Opciones @ Audubon<\/h3>\n<p>Un programa escolar privado multidistrital en Audubon, PA<\/p>\n<h3>\n\t\t\tProgramas de asociaci\u00f3n de TLC\t<\/h3>\n\t<h3>Opciones @ Coatesville<\/h3>\n<p>Un programa de asociaci\u00f3n con el distrito escolar del \u00e1rea de Coatesville<\/p>\n\t<h3>Opciones @ Norristown<\/h3>\n<p>Un programa de asociaci\u00f3n con el distrito escolar del \u00e1rea de Norristown<\/p>\n\t<h3>Conexiones en Chester Upland<\/h3>\n<p>Un programa de asociaci\u00f3n con el Distrito Escolar del \u00c1rea de Chester Upland<\/p>\n<h2>\n\t\t\tSi desea obtener m\u00e1s informaci\u00f3n sobre TLC Leadership Academies env\u00ede un formulario de inter\u00e9s o un correo electr\u00f3nico.\t<\/h2>\n\t\t\t<a href=\"mailto:info@TheLincolnCenter.com\" target=\"_blank\" rel=\"noopener\">\n\t\t\t\t\t\tenvianos un email\n\t\t\t\t\t<\/a>\n\t\t\t\t<img decoding=\"async\" src=\"https:\/\/thelincolncent.wpenginepowered.com\/wp-content\/uploads\/2024\/04\/shield_badge.svg\" alt=\"THE LINCOLN CENTER LEADERSHIP ACADEMY EST 1975\" itemprop=\"image\" height=\"1307\" width=\"1307\" onerror=\"this.style.display='none'\" loading=\"lazy\" \/>\n\t<p>Transformar vidas y comunidades equipando a los estudiantes con las habilidades acad\u00e9micas y socioemocionales para liderar eficazmente en una sociedad global.<\/p>","protected":false},"excerpt":{"rendered":"<p>We empower student development and growth through positive choices and meaningful connections. About Our Schools The TLC Leadership Academies encompass a dynamic network of schools and programs, including accredited and licensed private academic schools (LPAS) and specialized in-school programs, providing personalized solutions in small, supportive environments for students who may not be meeting success in&hellip;<\/p>","protected":false},"author":1,"featured_media":1543,"parent":0,"menu_order":0,"comment_status":"closed","ping_status":"closed","template":"","meta":{"_acf_changed":false,"content-type":"","footnotes":""},"class_list":["post-1087","page","type-page","status-publish","has-post-thumbnail","hentry"],"acf":[],"_links":{"self":[{"href":"https:\/\/tlcacademies.com\/es\/wp-json\/wp\/v2\/pages\/1087","targetHints":{"allow":["GET"]}}],"collection":[{"href":"https:\/\/tlcacademies.com\/es\/wp-json\/wp\/v2\/pages"}],"about":[{"href":"https:\/\/tlcacademies.com\/es\/wp-json\/wp\/v2\/types\/page"}],"author":[{"embeddable":true,"href":"https:\/\/tlcacademies.com\/es\/wp-json\/wp\/v2\/users\/1"}],"replies":[{"embeddable":true,"href":"https:\/\/tlcacademies.com\/es\/wp-json\/wp\/v2\/comments?post=1087"}],"version-history":[{"count":0,"href":"https:\/\/tlcacademies.com\/es\/wp-json\/wp\/v2\/pages\/1087\/revisions"}],"wp:featuredmedia":[{"embeddable":true,"href":"https:\/\/tlcacademies.com\/es\/wp-json\/wp\/v2\/media\/1543"}],"wp:attachment":[{"href":"https:\/\/tlcacademies.com\/es\/wp-json\/wp\/v2\/media?parent=1087"}],"curies":[{"name":"wp","href":"https:\/\/api.w.org\/{rel}","templated":true}]}}